{"id":27988,"date":"2022-07-12T06:23:17","date_gmt":"2022-07-12T11:23:17","guid":{"rendered":"https:\/\/tren.com.pe\/producto\/katia-kaleido\/"},"modified":"2024-11-04T17:05:21","modified_gmt":"2024-11-04T22:05:21","slug":"katia-kaleido","status":"publish","type":"product","link":"https:\/\/tren.com.pe\/en\/product\/katia-kaleido\/","title":{"rendered":"Katia &#8211; Kaleido"},"content":{"rendered":"<div class=\"wpb-content-wrapper\"><p>[vc_row][vc_column][vc_column_text css=&#8221;&#8221;]<strong>Features:<\/strong><\/p>\n<p>Product: Yarn in a blend of Mohair and polyamid.<\/p>\n<p>Uses: Hand knitting.<\/p>\n<p>Technique: Knitting needles, crochet hook.<\/p>\n<p>Accesories: Knitting needles # 3.5 \u2013 4, Crochet hook # 4 \u2013 4.5.<\/p>\n<p>Content: 80% acrylic, 10% Mohair, 10% polyamide.<\/p>\n<p>Ball size : 150 grams \/ 900 metres \/ 984 yards.<\/p>\n<p><a href=\"https:\/\/tren.com.pe\/en\/color-charts\/\">Carta de colores:<\/a> 6 multi-colors.<\/p>\n<p>&nbsp;<\/p>\n<p><strong>Uses:<\/strong><\/p>\n<p><strong>Kaleido <\/strong>is specially designed for hand-knitting garments and accessories for young people and adults. Its natural fiber content provides added value to garments; due to its thickness and composition, it is recommended for cold weather.<\/p>\n<p><a href=\"http:\/\/tren.com.pe\/wp-content\/uploads\/2024\/01\/cuida-tus-lanas-para-tejer.pdf\" target=\"_blank\" rel=\"noopener\"><strong>How to care for your knitting yarn?<\/strong><\/a><\/p>\n<p>&nbsp;<\/p>\n<p><strong>\u00a0<\/strong><\/p>\n<p>[\/vc_column_text][\/vc_column][\/vc_row][vc_row][vc_column width=&#8221;1\/3&#8243;][vc_column_text css=&#8221;&#8221;]<img loading=\"lazy\" decoding=\"async\" class=\" wp-image-3872 alignleft\" src=\"https:\/\/tren.com.pe\/wp-content\/uploads\/2021\/05\/LAVADO_TIBIA_30.png\" alt=\"\" width=\"75\" height=\"46\" \/><\/p>\n<p>hand wash<\/p>\n<p>with warm water[\/vc_column_text][vc_column_text css=&#8221;&#8221;]<img loading=\"lazy\" decoding=\"async\" class=\" wp-image-3872 alignleft\" src=\"https:\/\/tren.com.pe\/wp-content\/uploads\/2021\/05\/PLANCHADO.png\" alt=\"\" width=\"81\" height=\"46\" \/>Ironing<\/p>\n<p>allowed[\/vc_column_text][\/vc_column][vc_column width=&#8221;1\/3&#8243;][vc_column_text css=&#8221;&#8221;]<img loading=\"lazy\" decoding=\"async\" class=\" wp-image-3872 alignleft\" src=\"https:\/\/tren.com.pe\/wp-content\/uploads\/2021\/05\/NO_SECADORA.png\" alt=\"\" width=\"51\" height=\"52\" \/>Do not<\/p>\n<p>use dryer[\/vc_column_text][vc_column_text css=&#8221;&#8221;]<img loading=\"lazy\" decoding=\"async\" class=\" wp-image-3872 alignleft\" src=\"https:\/\/tren.com.pe\/wp-content\/uploads\/2021\/05\/LAVADO_SECO.png\" alt=\"\" width=\"59\" height=\"58\" \/>Dry cleaning<\/p>\n<p>allowed[\/vc_column_text][\/vc_column][vc_column width=&#8221;1\/3&#8243;][vc_column_text]<img loading=\"lazy\" decoding=\"async\" class=\" wp-image-3872 alignleft\" src=\"https:\/\/tren.com.pe\/wp-content\/uploads\/2021\/05\/PALITOS.png\" alt=\"\" width=\"49\" height=\"56\" \/><\/p>\n<p>3 \u00bd\u2013 4[\/vc_column_text][vc_column_text css=&#8221;&#8221;]<img loading=\"lazy\" decoding=\"async\" class=\"size-full wp-image-5156 alignleft\" src=\"https:\/\/tren.com.pe\/wp-content\/uploads\/2021\/04\/CROCHET.png\" alt=\"\" width=\"51\" height=\"51\" \/>4 &#8211; 4 1\/2[\/vc_column_text][\/vc_column][\/vc_row]<\/p>\n<\/div>","protected":false},"excerpt":{"rendered":"<p>Lana delgada compuesta por una mezcla de acr\u00edlico, Mohair y poliamida te\u00f1ida en un armonioso degrad\u00e9 multicolor, creando sutiles franjas anchas de colores. Es muy suave al tacto.<\/p>\n","protected":false},"featured_media":23822,"comment_status":"open","ping_status":"closed","template":"","meta":[],"product_cat":[1327,1328,1310],"product_tag":[1375,1376,1466],"_links":{"self":[{"href":"https:\/\/tren.com.pe\/en\/wp-json\/wp\/v2\/product\/27988"}],"collection":[{"href":"https:\/\/tren.com.pe\/en\/wp-json\/wp\/v2\/product"}],"about":[{"href":"https:\/\/tren.com.pe\/en\/wp-json\/wp\/v2\/types\/product"}],"replies":[{"embeddable":true,"href":"https:\/\/tren.com.pe\/en\/wp-json\/wp\/v2\/comments?post=27988"}],"wp:featuredmedia":[{"embeddable":true,"href":"https:\/\/tren.com.pe\/en\/wp-json\/wp\/v2\/media\/23822"}],"wp:attachment":[{"href":"https:\/\/tren.com.pe\/en\/wp-json\/wp\/v2\/media?parent=27988"}],"wp:term":[{"taxonomy":"product_cat","embeddable":true,"href":"https:\/\/tren.com.pe\/en\/wp-json\/wp\/v2\/product_cat?post=27988"},{"taxonomy":"product_tag","embeddable":true,"href":"https:\/\/tren.com.pe\/en\/wp-json\/wp\/v2\/product_tag?post=27988"}],"curies":[{"name":"wp","href":"https:\/\/api.w.org\/{rel}","templated":true}]}}