{"id":25124,"date":"2016-04-03T18:10:14","date_gmt":"2016-04-03T18:10:14","guid":{"rendered":"https:\/\/tren.com.pe\/faqs\/"},"modified":"2016-04-03T18:10:14","modified_gmt":"2016-04-03T18:10:14","slug":"faqs","status":"publish","type":"page","link":"https:\/\/tren.com.pe\/en\/faqs\/","title":{"rendered":"FAQs"},"content":{"rendered":"<div class=\"wpb-content-wrapper\"><p>[vc_row][vc_column][vc_column_text css=&#8221;.vc_custom_1614987541420{margin-top: 0px !important;margin-bottom: 60px !important;}&#8221;]<\/p>\n<div class=\"faqs\">\n<h3>PREGUNTAS FRECUENTES<\/h3>\n<h4>1. \u00bfLas cajas o paquetes vienen de varios colores?<\/h4>\n<p>Los paquetes y cajas vienen sellados y contienen un solo color. Si quieres variedad de colores debes comprar al menudeo (por unidades).<\/p>\n<h4>2. \u00bfCu\u00e1l es el pedido m\u00ednimo?<\/h4>\n<p>No tenemos pedido m\u00ednimo.<\/p>\n<h4>3. \u00bfVenden al por mayor?<\/h4>\n<p>No por este medio. Si quieres comprar al por mayor, escr\u00edbenos y te contactamos el vendedor de tu zona.<\/p>\n<h4>4. \u00bfPuedo comprar por unidades?<\/h4>\n<p>S\u00ed, puedes comprar por unidades todos los productos excepto: 100mts y Extra Fuerte (hilos para coser). Estos productos solo se venden por caja.<\/p>\n<h4>5. \u00bfC\u00f3mo s\u00e9 qu\u00e9 n\u00famero de palitos o crochet usar?<\/h4>\n<p>En las etiquetas de los productos, en la parte superior de las cartas de colores y en la informaci\u00f3n de productos en nuestra p\u00e1gina web est\u00e1n las recomendaciones de los n\u00fameros de palitos y crochet que puedes usar. Es importante recalcar que esto es solo una recomendaci\u00f3n ya que cada uno teje con una tensi\u00f3n diferente.<\/p>\n<h4>6. \u00bfHacen delivery?<\/h4>\n<p>S\u00ed, a toda Lima Metropolitana, Callao y algunos distritos de Lima provincia. Puedes encontrar la informaci\u00f3n en: <a href=\"https:\/\/tren.com.pe\/en\/shipping-policy\/\" target=\"_blank\" rel=\"noopener\">pol\u00edtica de env\u00edos<\/a><\/p>\n<h4>7. \u00bfPuedo pasar a recoger mi pedido o mandar a recogerlo?<\/h4>\n<p>S\u00ed, claro, una vez est\u00e9 confirmado, pagado y recolectado. Si vas a ir t\u00fa mismo, debes indicar al personal de vigilancia tu nombre y DNI. Si lo vas a mandar a recoger, nos debes mandar el nombre y n\u00famero de DNI de la persona que lo recoger\u00e1. No podremos entregar el paquete a una persona que no tenga tu autorizaci\u00f3n expresa para recogerlo.<\/p>\n<h4>8. \u00bfCu\u00e1nto demora en llegar mi pedido?<\/h4>\n<p>Entre 5 y 7 d\u00edas h\u00e1biles.<\/p>\n<\/div>\n<p>[\/vc_column_text][\/vc_column][\/vc_row]<\/p>\n<\/div>","protected":false},"excerpt":{"rendered":"<p>[vc_row][vc_column][vc_column_text css=&#8221;.vc_custom_1614987541420{margin-top: 0px !important;margin-bottom: 60px !important;}&#8221;] PREGUNTAS FRECUENTES 1. \u00bfLas cajas o paquetes vienen de varios colores? Los paquetes y cajas vienen sellados y contienen un solo color. Si quieres variedad de colores debes comprar al menudeo (por unidades). 2. \u00bfCu\u00e1l es el pedido m\u00ednimo? No tenemos pedido m\u00ednimo. 3. \u00bfVenden al por mayor? No [&hellip;]<\/p>\n","protected":false},"author":1,"featured_media":19518,"parent":0,"menu_order":0,"comment_status":"closed","ping_status":"closed","template":"","meta":{"footnotes":""},"_links":{"self":[{"href":"https:\/\/tren.com.pe\/en\/wp-json\/wp\/v2\/pages\/25124"}],"collection":[{"href":"https:\/\/tren.com.pe\/en\/wp-json\/wp\/v2\/pages"}],"about":[{"href":"https:\/\/tren.com.pe\/en\/wp-json\/wp\/v2\/types\/page"}],"author":[{"embeddable":true,"href":"https:\/\/tren.com.pe\/en\/wp-json\/wp\/v2\/users\/1"}],"replies":[{"embeddable":true,"href":"https:\/\/tren.com.pe\/en\/wp-json\/wp\/v2\/comments?post=25124"}],"version-history":[{"count":0,"href":"https:\/\/tren.com.pe\/en\/wp-json\/wp\/v2\/pages\/25124\/revisions"}],"wp:featuredmedia":[{"embeddable":true,"href":"https:\/\/tren.com.pe\/en\/wp-json\/wp\/v2\/media\/19518"}],"wp:attachment":[{"href":"https:\/\/tren.com.pe\/en\/wp-json\/wp\/v2\/media?parent=25124"}],"curies":[{"name":"wp","href":"https:\/\/api.w.org\/{rel}","templated":true}]}}