{"id":25112,"date":"2024-06-04T13:21:10","date_gmt":"2024-06-04T18:21:10","guid":{"rendered":"https:\/\/tren.com.pe\/recomendaciones-de-uso-industrial\/"},"modified":"2024-07-09T13:25:08","modified_gmt":"2024-07-09T18:25:08","slug":"recommendations-for-industrial-use","status":"publish","type":"page","link":"https:\/\/tren.com.pe\/en\/recommendations-for-industrial-use\/","title":{"rendered":"Recommendations for industrial use"},"content":{"rendered":"<div class=\"wpb-content-wrapper\"><p>[vc_row][vc_column][vc_column_text]<\/p>\r\n<p>Todos tus trabajos y productos Tren merecen una especial recomendaci\u00f3n al momento de su uso, para conseguirlo, ten en cuenta las siguientes recomendaciones.<\/p>\r\n<p>[\/vc_column_text][\/vc_column][\/vc_row][vc_row][vc_column width=&#8221;1\/3&#8243;][vc_hoverbox image=&#8221;24636&#8243; primary_title=&#8221;&#8221; primary_align=&#8221;left&#8221; hover_title=&#8221;Buena costura&#8221; shape=&#8221;square&#8221; el_width=&#8221;80&#8243; hover_btn_title=&#8221;Descargar PDF&#8221; hover_btn_color=&#8221;sky&#8221; hover_add_button=&#8221;true&#8221; hover_btn_link=&#8221;url:https%3A%2F%2Ftren.com.pe%2Fwp-content%2Fuploads%2Fdoc%2Ftren-amazonas-buena-costura-hilo-de-coser.pdf|target:_blank&#8221;]Ponemos a su disposici\u00f3n algunas recomendaciones como medio de ayuda y orientaci\u00f3n para la correcta selecci\u00f3n y uso de nuestros productos de costura de la l\u00ednea industrial[\/vc_hoverbox][vc_column_text]<\/p>\r\n<h3 style=\"text-align: center;\">Buena costura<\/h3>\r\n<p>[\/vc_column_text][\/vc_column][vc_column width=&#8221;1\/3&#8243;][vc_hoverbox image=&#8221;24635&#8243; primary_title=&#8221;&#8221; hover_title=&#8221;Colores&#8221; shape=&#8221;square&#8221; el_width=&#8221;80&#8243; hover_btn_title=&#8221;Descargar PDF&#8221; hover_btn_color=&#8221;sky&#8221; hover_add_button=&#8221;true&#8221; hover_btn_link=&#8221;url:https%3A%2F%2Ftren.com.pe%2Fwp-content%2Fuploads%2Fdoc%2Ftren-amazonas-colores-hilo-de-coser.pdf|target:_blank&#8221;]Hemos incorporado algunos consejos pr\u00e1cticos para la soluci\u00f3n de problemas t\u00edpicos que suelen presentarse, los cuales han sido recopilados a lo largo de nuestros\u00a0 a\u00f1os de experiencia[\/vc_hoverbox][vc_column_text]<\/p>\r\n<h3 style=\"text-align: center;\">Colores<\/h3>\r\n<p>[\/vc_column_text][\/vc_column][vc_column width=&#8221;1\/3&#8243;][vc_hoverbox image=&#8221;24634&#8243; primary_title=&#8221;&#8221; hover_title=&#8221;Costura resistente&#8221; shape=&#8221;square&#8221; el_width=&#8221;80&#8243; hover_btn_title=&#8221;Descargar PDF&#8221; hover_btn_color=&#8221;sky&#8221; hover_add_button=&#8221;true&#8221; hover_btn_link=&#8221;url:https%3A%2F%2Ftren.com.pe%2Fwp-content%2Fuploads%2Fdoc%2Ftren-amazonas-resistencia-costura-hilo-de-coser.pdf|target:_blank&#8221;]todos estos est\u00e1n referidos a tres componentes: el hilo de coser, la tela a coser y el tipo de costura (puntada) a emplear.[\/vc_hoverbox][vc_column_text]<\/p>\r\n<h3 style=\"text-align: center;\">Costura resistente<\/h3>\r\n<p>[\/vc_column_text][\/vc_column][\/vc_row]<\/p>\r\n<\/div>","protected":false},"excerpt":{"rendered":"<p>[vc_row][vc_column][vc_column_text] Todos tus trabajos y productos Tren merecen una especial recomendaci\u00f3n al momento de su uso, para conseguirlo, ten en cuenta las siguientes recomendaciones. [\/vc_column_text][\/vc_column][\/vc_row][vc_row][vc_column width=&#8221;1\/3&#8243;][vc_hoverbox image=&#8221;24636&#8243; primary_title=&#8221;&#8221; primary_align=&#8221;left&#8221; hover_title=&#8221;Buena costura&#8221; shape=&#8221;square&#8221; el_width=&#8221;80&#8243; hover_btn_title=&#8221;Descargar PDF&#8221; hover_btn_color=&#8221;sky&#8221; hover_add_button=&#8221;true&#8221; hover_btn_link=&#8221;url:https%3A%2F%2Ftren.com.pe%2Fwp-content%2Fuploads%2Fdoc%2Ftren-amazonas-buena-costura-hilo-de-coser.pdf|target:_blank&#8221;]Ponemos a su disposici\u00f3n algunas recomendaciones como medio de ayuda y orientaci\u00f3n para la correcta selecci\u00f3n y uso [&hellip;]<\/p>\n","protected":false},"author":1,"featured_media":0,"parent":0,"menu_order":0,"comment_status":"closed","ping_status":"closed","template":"","meta":{"footnotes":""},"_links":{"self":[{"href":"https:\/\/tren.com.pe\/en\/wp-json\/wp\/v2\/pages\/25112"}],"collection":[{"href":"https:\/\/tren.com.pe\/en\/wp-json\/wp\/v2\/pages"}],"about":[{"href":"https:\/\/tren.com.pe\/en\/wp-json\/wp\/v2\/types\/page"}],"author":[{"embeddable":true,"href":"https:\/\/tren.com.pe\/en\/wp-json\/wp\/v2\/users\/1"}],"replies":[{"embeddable":true,"href":"https:\/\/tren.com.pe\/en\/wp-json\/wp\/v2\/comments?post=25112"}],"version-history":[{"count":2,"href":"https:\/\/tren.com.pe\/en\/wp-json\/wp\/v2\/pages\/25112\/revisions"}],"predecessor-version":[{"id":25134,"href":"https:\/\/tren.com.pe\/en\/wp-json\/wp\/v2\/pages\/25112\/revisions\/25134"}],"wp:attachment":[{"href":"https:\/\/tren.com.pe\/en\/wp-json\/wp\/v2\/media?parent=25112"}],"curies":[{"name":"wp","href":"https:\/\/api.w.org\/{rel}","templated":true}]}}